{"id":917,"date":"2024-03-14T06:40:30","date_gmt":"2024-03-14T06:40:30","guid":{"rendered":"https:\/\/bitishop.site\/dulichyen\/?post_type=product&#038;p=917"},"modified":"2026-04-08T04:29:52","modified_gmt":"2026-04-08T04:29:52","slug":"cai-tao-sua-chua","status":"publish","type":"product","link":"https:\/\/bitidemo.com\/dulichyenclone\/dich-vu\/cai-tao-sua-chua\/","title":{"rendered":"HA GIANG LOOP \u2013 THE YEN WAY"},"content":{"rendered":"\n<p>Kh\u00f4ng ch\u1ec9 l\u00e0 m\u1ed9t chuy\u1ebfn \u0111i \u0111\u01b0\u1eddng d\u00e0i.<\/p>\n\n\n\n<p>M\u1ed9t h\u00e0nh tr\u00ecnh xuy\u00ean qua nh\u1eefng ng\u1ecdn n\u00fai, s\u1ef1 t\u0129nh l\u1eb7ng v\u00e0 s\u1ef1 k\u1ebft n\u1ed1i.<\/p>\n","protected":false},"excerpt":{"rendered":"<ul>\n<li>M\u1ed9t h\u00e0nh tr\u00ecnh xuy\u00ean qua nh\u1eefng ng\u1ecdn n\u00fai, s\u1ef1 t\u0129nh l\u1eb7ng v\u00e0 s\u1ef1 k\u1ebft n\u1ed1i.<\/li>\n<li>M\u1ed9t h\u00e0nh tr\u00ecnh xuy\u00ean qua nh\u1eefng ng\u1ecdn n\u00fai, s\u1ef1 t\u0129nh l\u1eb7ng v\u00e0 s\u1ef1 k\u1ebft n\u1ed1i.<\/li>\n<\/ul>\n<p>&nbsp;<\/p>\n","protected":false},"featured_media":965,"comment_status":"open","ping_status":"closed","template":"","meta":{"_editorskit_title_hidden":false,"_editorskit_reading_time":0,"_editorskit_is_block_options_detached":false,"_editorskit_block_options_position":"{}"},"item":[],"brands":[],"product_cat":[61],"product_tag":[],"class_list":["post-917","product","type-product","status-publish","has-post-thumbnail","hentry","product_cat-trong-nuoc"],"_links":{"self":[{"href":"https:\/\/bitidemo.com\/dulichyenclone\/wp-json\/wp\/v3\/product\/917","targetHints":{"allow":["GET"]}}],"collection":[{"href":"https:\/\/bitidemo.com\/dulichyenclone\/wp-json\/wp\/v3\/product"}],"about":[{"href":"https:\/\/bitidemo.com\/dulichyenclone\/wp-json\/wp\/v2\/types\/product"}],"replies":[{"embeddable":true,"href":"https:\/\/bitidemo.com\/dulichyenclone\/wp-json\/wp\/v2\/comments?post=917"}],"wp:featuredmedia":[{"embeddable":true,"href":"https:\/\/bitidemo.com\/dulichyenclone\/wp-json\/wp\/v2\/media\/965"}],"wp:attachment":[{"href":"https:\/\/bitidemo.com\/dulichyenclone\/wp-json\/wp\/v2\/media?parent=917"}],"wp:term":[{"taxonomy":"item","embeddable":true,"href":"https:\/\/bitidemo.com\/dulichyenclone\/wp-json\/wp\/v2\/item?post=917"},{"taxonomy":"brands","embeddable":true,"href":"https:\/\/bitidemo.com\/dulichyenclone\/wp-json\/wp\/v2\/brands?post=917"},{"taxonomy":"product_cat","embeddable":true,"href":"https:\/\/bitidemo.com\/dulichyenclone\/wp-json\/wp\/v2\/product_cat?post=917"},{"taxonomy":"product_tag","embeddable":true,"href":"https:\/\/bitidemo.com\/dulichyenclone\/wp-json\/wp\/v2\/product_tag?post=917"}],"curies":[{"name":"wp","href":"https:\/\/api.w.org\/{rel}","templated":true}]}}