{"id":1022,"date":"2026-04-08T09:37:56","date_gmt":"2026-04-08T09:37:56","guid":{"rendered":"https:\/\/bitishop.site\/dulichyen\/?post_type=product&#038;p=1022"},"modified":"2026-04-08T09:42:18","modified_gmt":"2026-04-08T09:42:18","slug":"da-lat-mua-hoa-dep-nhat","status":"publish","type":"product","link":"https:\/\/bitidemo.com\/dulichyenclone\/dich-vu\/da-lat-mua-hoa-dep-nhat\/","title":{"rendered":"\u0110\u00c0 L\u1ea0T &#8211; M\u00d9A HOA \u0110\u1eb8P NH\u1ea4T"},"content":{"rendered":"\n<p>\u0110\u00e0 L\u1ea1t d\u1ef1 ki\u1ebfn t\u1ed5 ch\u1ee9c L\u1ec5 h\u1ed9i Hoa Mai Anh \u0110\u00e0o t\u1eeb 15.01 &#8211; 15.02.2026 <br>M\u00d9A HOA \u0110\u1eb8P NH\u1ea4T- C\u00f9ng l\u00ean k\u1ebf ho\u1ea1ch cho chuy\u1ebfn \u0111i \u0111\u00f3n xu\u00e2n n\u00e0o.<\/p>\n\n\n\n<figure class=\"wp-block-image size-large\"><img loading=\"lazy\" decoding=\"async\" width=\"1024\" height=\"678\" src=\"https:\/\/bitishop.site\/dulichyen\/wp-content\/uploads\/2026\/04\/dalat2-1024x678.jpg\" alt=\"\" class=\"wp-image-1029\" srcset=\"https:\/\/bitidemo.com\/dulichyenclone\/wp-content\/uploads\/2026\/04\/dalat2-1024x678.jpg 1024w, https:\/\/bitidemo.com\/dulichyenclone\/wp-content\/uploads\/2026\/04\/dalat2-300x198.jpg 300w, https:\/\/bitidemo.com\/dulichyenclone\/wp-content\/uploads\/2026\/04\/dalat2-768x508.jpg 768w, https:\/\/bitidemo.com\/dulichyenclone\/wp-content\/uploads\/2026\/04\/dalat2-1536x1016.jpg 1536w, https:\/\/bitidemo.com\/dulichyenclone\/wp-content\/uploads\/2026\/04\/dalat2-600x397.jpg 600w, https:\/\/bitidemo.com\/dulichyenclone\/wp-content\/uploads\/2026\/04\/dalat2.jpg 2048w\" sizes=\"auto, (max-width: 1024px) 100vw, 1024px\" \/><\/figure>\n\n\n\n<figure class=\"wp-block-gallery has-nested-images columns-default is-cropped wp-block-gallery-1 is-layout-flex wp-block-gallery-is-layout-flex\">\n<figure class=\"wp-block-image size-large\"><img loading=\"lazy\" decoding=\"async\" width=\"1024\" height=\"678\" data-id=\"1029\" src=\"https:\/\/bitishop.site\/dulichyen\/wp-content\/uploads\/2026\/04\/dalat2-1024x678.jpg\" alt=\"\" class=\"wp-image-1029\" srcset=\"https:\/\/bitidemo.com\/dulichyenclone\/wp-content\/uploads\/2026\/04\/dalat2-1024x678.jpg 1024w, https:\/\/bitidemo.com\/dulichyenclone\/wp-content\/uploads\/2026\/04\/dalat2-300x198.jpg 300w, https:\/\/bitidemo.com\/dulichyenclone\/wp-content\/uploads\/2026\/04\/dalat2-768x508.jpg 768w, https:\/\/bitidemo.com\/dulichyenclone\/wp-content\/uploads\/2026\/04\/dalat2-1536x1016.jpg 1536w, https:\/\/bitidemo.com\/dulichyenclone\/wp-content\/uploads\/2026\/04\/dalat2-600x397.jpg 600w, https:\/\/bitidemo.com\/dulichyenclone\/wp-content\/uploads\/2026\/04\/dalat2.jpg 2048w\" sizes=\"auto, (max-width: 1024px) 100vw, 1024px\" \/><\/figure>\n\n\n\n<figure class=\"wp-block-image size-large\"><img loading=\"lazy\" decoding=\"async\" width=\"684\" height=\"1024\" data-id=\"1028\" src=\"https:\/\/bitishop.site\/dulichyen\/wp-content\/uploads\/2026\/04\/dalat3-684x1024.jpg\" alt=\"\" class=\"wp-image-1028\" srcset=\"https:\/\/bitidemo.com\/dulichyenclone\/wp-content\/uploads\/2026\/04\/dalat3-684x1024.jpg 684w, https:\/\/bitidemo.com\/dulichyenclone\/wp-content\/uploads\/2026\/04\/dalat3-200x300.jpg 200w, https:\/\/bitidemo.com\/dulichyenclone\/wp-content\/uploads\/2026\/04\/dalat3-768x1151.jpg 768w, https:\/\/bitidemo.com\/dulichyenclone\/wp-content\/uploads\/2026\/04\/dalat3-1025x1536.jpg 1025w, https:\/\/bitidemo.com\/dulichyenclone\/wp-content\/uploads\/2026\/04\/dalat3-600x899.jpg 600w, https:\/\/bitidemo.com\/dulichyenclone\/wp-content\/uploads\/2026\/04\/dalat3.jpg 1367w\" sizes=\"auto, (max-width: 684px) 100vw, 684px\" \/><\/figure>\n\n\n\n<figure class=\"wp-block-image size-large\"><img loading=\"lazy\" decoding=\"async\" width=\"683\" height=\"1024\" data-id=\"1027\" src=\"https:\/\/bitishop.site\/dulichyen\/wp-content\/uploads\/2026\/04\/dalat4-683x1024.jpg\" alt=\"\" class=\"wp-image-1027\" srcset=\"https:\/\/bitidemo.com\/dulichyenclone\/wp-content\/uploads\/2026\/04\/dalat4-683x1024.jpg 683w, https:\/\/bitidemo.com\/dulichyenclone\/wp-content\/uploads\/2026\/04\/dalat4-200x300.jpg 200w, https:\/\/bitidemo.com\/dulichyenclone\/wp-content\/uploads\/2026\/04\/dalat4-768x1151.jpg 768w, https:\/\/bitidemo.com\/dulichyenclone\/wp-content\/uploads\/2026\/04\/dalat4-1025x1536.jpg 1025w, https:\/\/bitidemo.com\/dulichyenclone\/wp-content\/uploads\/2026\/04\/dalat4-600x900.jpg 600w, https:\/\/bitidemo.com\/dulichyenclone\/wp-content\/uploads\/2026\/04\/dalat4.jpg 1366w\" sizes=\"auto, (max-width: 683px) 100vw, 683px\" \/><\/figure>\n\n\n\n<figure class=\"wp-block-image size-large\"><img loading=\"lazy\" decoding=\"async\" width=\"1024\" height=\"537\" data-id=\"1026\" src=\"https:\/\/bitishop.site\/dulichyen\/wp-content\/uploads\/2026\/04\/dalat5-1024x537.jpg\" alt=\"\" class=\"wp-image-1026\" srcset=\"https:\/\/bitidemo.com\/dulichyenclone\/wp-content\/uploads\/2026\/04\/dalat5-1024x537.jpg 1024w, https:\/\/bitidemo.com\/dulichyenclone\/wp-content\/uploads\/2026\/04\/dalat5-300x157.jpg 300w, https:\/\/bitidemo.com\/dulichyenclone\/wp-content\/uploads\/2026\/04\/dalat5-768x402.jpg 768w, https:\/\/bitidemo.com\/dulichyenclone\/wp-content\/uploads\/2026\/04\/dalat5-1536x805.jpg 1536w, https:\/\/bitidemo.com\/dulichyenclone\/wp-content\/uploads\/2026\/04\/dalat5-600x314.jpg 600w, https:\/\/bitidemo.com\/dulichyenclone\/wp-content\/uploads\/2026\/04\/dalat5.jpg 2048w\" sizes=\"auto, (max-width: 1024px) 100vw, 1024px\" \/><\/figure>\n\n\n\n<figure class=\"wp-block-image size-large\"><img loading=\"lazy\" decoding=\"async\" width=\"1024\" height=\"666\" data-id=\"1025\" src=\"https:\/\/bitishop.site\/dulichyen\/wp-content\/uploads\/2026\/04\/dalat6-1024x666.jpg\" alt=\"\" class=\"wp-image-1025\" srcset=\"https:\/\/bitidemo.com\/dulichyenclone\/wp-content\/uploads\/2026\/04\/dalat6-1024x666.jpg 1024w, https:\/\/bitidemo.com\/dulichyenclone\/wp-content\/uploads\/2026\/04\/dalat6-300x195.jpg 300w, https:\/\/bitidemo.com\/dulichyenclone\/wp-content\/uploads\/2026\/04\/dalat6-768x499.jpg 768w, https:\/\/bitidemo.com\/dulichyenclone\/wp-content\/uploads\/2026\/04\/dalat6-1536x998.jpg 1536w, https:\/\/bitidemo.com\/dulichyenclone\/wp-content\/uploads\/2026\/04\/dalat6-600x390.jpg 600w, https:\/\/bitidemo.com\/dulichyenclone\/wp-content\/uploads\/2026\/04\/dalat6.jpg 2048w\" sizes=\"auto, (max-width: 1024px) 100vw, 1024px\" \/><\/figure>\n\n\n\n<figure class=\"wp-block-image size-large\"><img loading=\"lazy\" decoding=\"async\" width=\"1024\" height=\"681\" data-id=\"1024\" src=\"https:\/\/bitishop.site\/dulichyen\/wp-content\/uploads\/2026\/04\/dalat7-1024x681.jpg\" alt=\"\" class=\"wp-image-1024\" srcset=\"https:\/\/bitidemo.com\/dulichyenclone\/wp-content\/uploads\/2026\/04\/dalat7-1024x681.jpg 1024w, https:\/\/bitidemo.com\/dulichyenclone\/wp-content\/uploads\/2026\/04\/dalat7-300x199.jpg 300w, https:\/\/bitidemo.com\/dulichyenclone\/wp-content\/uploads\/2026\/04\/dalat7-768x510.jpg 768w, https:\/\/bitidemo.com\/dulichyenclone\/wp-content\/uploads\/2026\/04\/dalat7-1536x1021.jpg 1536w, https:\/\/bitidemo.com\/dulichyenclone\/wp-content\/uploads\/2026\/04\/dalat7-600x399.jpg 600w, https:\/\/bitidemo.com\/dulichyenclone\/wp-content\/uploads\/2026\/04\/dalat7.jpg 2048w\" sizes=\"auto, (max-width: 1024px) 100vw, 1024px\" \/><\/figure>\n\n\n\n<figure class=\"wp-block-image size-large\"><img loading=\"lazy\" decoding=\"async\" width=\"1024\" height=\"674\" data-id=\"1023\" src=\"https:\/\/bitishop.site\/dulichyen\/wp-content\/uploads\/2026\/04\/dalat8-1024x674.jpg\" alt=\"\" class=\"wp-image-1023\" srcset=\"https:\/\/bitidemo.com\/dulichyenclone\/wp-content\/uploads\/2026\/04\/dalat8-1024x674.jpg 1024w, https:\/\/bitidemo.com\/dulichyenclone\/wp-content\/uploads\/2026\/04\/dalat8-300x197.jpg 300w, https:\/\/bitidemo.com\/dulichyenclone\/wp-content\/uploads\/2026\/04\/dalat8-768x505.jpg 768w, https:\/\/bitidemo.com\/dulichyenclone\/wp-content\/uploads\/2026\/04\/dalat8-1536x1010.jpg 1536w, https:\/\/bitidemo.com\/dulichyenclone\/wp-content\/uploads\/2026\/04\/dalat8-600x395.jpg 600w, https:\/\/bitidemo.com\/dulichyenclone\/wp-content\/uploads\/2026\/04\/dalat8.jpg 2048w\" sizes=\"auto, (max-width: 1024px) 100vw, 1024px\" \/><\/figure>\n<\/figure>\n","protected":false},"excerpt":{"rendered":"<ul>\n<li>Du l\u1ecbch \u0110\u00e0 L\u1ea1t<\/li>\n<li>Ng\u1eafm hoa anh \u0111\u00e0o<\/li>\n<\/ul>\n","protected":false},"featured_media":1030,"comment_status":"open","ping_status":"closed","template":"","meta":{"_editorskit_title_hidden":false,"_editorskit_reading_time":0,"_editorskit_is_block_options_detached":false,"_editorskit_block_options_position":"{}"},"item":[],"brands":[],"product_cat":[61],"product_tag":[],"class_list":["post-1022","product","type-product","status-publish","has-post-thumbnail","hentry","product_cat-trong-nuoc"],"_links":{"self":[{"href":"https:\/\/bitidemo.com\/dulichyenclone\/wp-json\/wp\/v3\/product\/1022","targetHints":{"allow":["GET"]}}],"collection":[{"href":"https:\/\/bitidemo.com\/dulichyenclone\/wp-json\/wp\/v3\/product"}],"about":[{"href":"https:\/\/bitidemo.com\/dulichyenclone\/wp-json\/wp\/v2\/types\/product"}],"replies":[{"embeddable":true,"href":"https:\/\/bitidemo.com\/dulichyenclone\/wp-json\/wp\/v2\/comments?post=1022"}],"wp:featuredmedia":[{"embeddable":true,"href":"https:\/\/bitidemo.com\/dulichyenclone\/wp-json\/wp\/v2\/media\/1030"}],"wp:attachment":[{"href":"https:\/\/bitidemo.com\/dulichyenclone\/wp-json\/wp\/v2\/media?parent=1022"}],"wp:term":[{"taxonomy":"item","embeddable":true,"href":"https:\/\/bitidemo.com\/dulichyenclone\/wp-json\/wp\/v2\/item?post=1022"},{"taxonomy":"brands","embeddable":true,"href":"https:\/\/bitidemo.com\/dulichyenclone\/wp-json\/wp\/v2\/brands?post=1022"},{"taxonomy":"product_cat","embeddable":true,"href":"https:\/\/bitidemo.com\/dulichyenclone\/wp-json\/wp\/v2\/product_cat?post=1022"},{"taxonomy":"product_tag","embeddable":true,"href":"https:\/\/bitidemo.com\/dulichyenclone\/wp-json\/wp\/v2\/product_tag?post=1022"}],"curies":[{"name":"wp","href":"https:\/\/api.w.org\/{rel}","templated":true}]}}