{"id":12,"date":"2023-04-17T04:08:10","date_gmt":"2023-04-17T04:08:10","guid":{"rendered":"https:\/\/bitishop.site\/dulichyen\/?page_id=12"},"modified":"2026-04-09T04:17:10","modified_gmt":"2026-04-09T04:17:10","slug":"gioi-thieu","status":"publish","type":"page","link":"https:\/\/bitidemo.com\/dulichyenclone\/gioi-thieu\/","title":{"rendered":"Gi\u1edbi thi\u1ec7u"},"content":{"rendered":"\n<p>T\u1ea1i <strong>YEN Vietnam Experiences<\/strong>, ch\u00fang t\u00f4i tin r\u1eb1ng du l\u1ecbch kh\u00f4ng ch\u1ec9 l\u00e0 vi\u1ec7c \u0111\u00e1nh d\u1ea5u nh\u1eefng \u0111i\u1ec3m \u0111\u1ebfn tr\u00ean b\u1ea3n \u0111\u1ed3.<br>\u0110\u00f3 l\u00e0 nh\u1eefng kho\u1ea3nh kh\u1eafc ch\u1ea1m \u0111\u1ebfn c\u1ea3m x\u00fac, nh\u1eefng con ng\u01b0\u1eddi b\u1ea1n g\u1eb7p g\u1ee1 v\u00e0 nh\u1eefng c\u00e2u chuy\u1ec7n b\u1ea1n mang theo sau m\u1ed7i h\u00e0nh tr\u00ecnh.<\/p>\n\n\n\n<p>Ch\u00fang t\u00f4i ki\u1ebfn t\u1ea1o nh\u1eefng chuy\u1ebfn \u0111i nh\u1eb9 nh\u00e0ng, ch\u00e2n th\u1ef1c v\u00e0 mang \u0111\u1eadm d\u1ea5u \u1ea5n c\u00e1 nh\u00e2n \u2014 d\u00e0nh cho nh\u1eefng du kh\u00e1ch t\u00ecm ki\u1ebfm \u00fd ngh\u0129a, ch\u1ee9 kh\u00f4ng ch\u1ec9 \u0111\u01a1n thu\u1ea7n l\u00e0 m\u1ed9t \u0111i\u1ec3m \u0111\u1ebfn.<\/p>\n\n\n\n<p>V\u1edbi h\u01a1n 10 n\u0103m kinh nghi\u1ec7m trong ng\u00e0nh du l\u1ecbch,<br>ch\u00fang t\u00f4i \u0111\u00e3 chuy\u1ec3n m\u00ecnh t\u1eeb nh\u1eefng tour truy\u1ec1n th\u1ed1ng sang c\u00e1c h\u00e0nh tr\u00ecnh tr\u1ea3i nghi\u1ec7m s\u00e2u s\u1eafc h\u01a1n, n\u01a1i m\u1ed7i chuy\u1ebfn \u0111i \u0111\u1ec1u mang l\u1ea1i s\u1ef1 k\u1ebft n\u1ed1i ch\u00e2n th\u1eadt v\u1edbi tinh th\u1ea7n v\u00e0 v\u1ebb \u0111\u1eb9p nguy\u00ean b\u1ea3n c\u1ee7a Vi\u1ec7t Nam.<\/p>\n","protected":false},"excerpt":{"rendered":"<p>T\u1ea1i YEN Vietnam Experiences, ch\u00fang t\u00f4i tin r\u1eb1ng du l\u1ecbch kh\u00f4ng ch\u1ec9 l\u00e0 vi\u1ec7c \u0111\u00e1nh d\u1ea5u nh\u1eefng \u0111i\u1ec3m \u0111\u1ebfn tr\u00ean b\u1ea3n \u0111\u1ed3.\u0110\u00f3 l\u00e0 nh\u1eefng kho\u1ea3nh kh\u1eafc ch\u1ea1m \u0111\u1ebfn c\u1ea3m x\u00fac, nh\u1eefng con ng\u01b0\u1eddi b\u1ea1n g\u1eb7p g\u1ee1 v\u00e0 nh\u1eefng c\u00e2u chuy\u1ec7n b\u1ea1n mang theo sau m\u1ed7i h\u00e0nh tr\u00ecnh. Ch\u00fang t\u00f4i ki\u1ebfn t\u1ea1o nh\u1eefng chuy\u1ebfn \u0111i nh\u1eb9 [&hellip;]<\/p>\n","protected":false},"author":1,"featured_media":0,"parent":0,"menu_order":0,"comment_status":"closed","ping_status":"closed","template":"","meta":{"_editorskit_title_hidden":false,"_editorskit_reading_time":0,"_editorskit_is_block_options_detached":false,"_editorskit_block_options_position":"{}","footnotes":""},"class_list":["post-12","page","type-page","status-publish","hentry"],"acf":[],"_links":{"self":[{"href":"https:\/\/bitidemo.com\/dulichyenclone\/wp-json\/wp\/v2\/pages\/12","targetHints":{"allow":["GET"]}}],"collection":[{"href":"https:\/\/bitidemo.com\/dulichyenclone\/wp-json\/wp\/v2\/pages"}],"about":[{"href":"https:\/\/bitidemo.com\/dulichyenclone\/wp-json\/wp\/v2\/types\/page"}],"author":[{"embeddable":true,"href":"https:\/\/bitidemo.com\/dulichyenclone\/wp-json\/wp\/v2\/users\/1"}],"replies":[{"embeddable":true,"href":"https:\/\/bitidemo.com\/dulichyenclone\/wp-json\/wp\/v2\/comments?post=12"}],"version-history":[{"count":97,"href":"https:\/\/bitidemo.com\/dulichyenclone\/wp-json\/wp\/v2\/pages\/12\/revisions"}],"predecessor-version":[{"id":1045,"href":"https:\/\/bitidemo.com\/dulichyenclone\/wp-json\/wp\/v2\/pages\/12\/revisions\/1045"}],"wp:attachment":[{"href":"https:\/\/bitidemo.com\/dulichyenclone\/wp-json\/wp\/v2\/media?parent=12"}],"curies":[{"name":"wp","href":"https:\/\/api.w.org\/{rel}","templated":true}]}}